{"id":1115,"date":"2022-01-18T05:53:13","date_gmt":"2022-01-18T04:53:13","guid":{"rendered":"https:\/\/precto.pl\/sklep\/produkt\/pila-lancuchowa-dedra-sasall-250mm\/"},"modified":"2022-10-06T12:03:24","modified_gmt":"2022-10-06T10:03:24","slug":"pila-lancuchowa-dedra-sasall-250mm","status":"publish","type":"product","link":"https:\/\/precto.pl\/sklep\/pila-lancuchowa-dedra-sasall-250mm\/","title":{"rendered":"Pi\u0142a \u0142a\u0144cuchowa Dedra SAS+ALL 250mm"},"content":{"rendered":"<table width=\"100%\">\n<tr>\n<td width=\"50%\">\n<h2>Pi\u0142a \u0142a\u0144cuchowa, pilarka akumulatorowa 18V, DEDRA SAS+ALL<\/h2>\n<p>To urz\u0105dzenie przeznaczone do ci\u0119cia drewna. Idealnie sprawdzi si\u0119 podczas majsterkowania, prac w ogrodzie czy sadzie lub podczas prac dekarskich. Prowadnica o d\u0142ugo\u015bci 254 mm pozwala przecina\u0107 drewno do 200 mm \u015brednicy. Pr\u0119dko\u015b\u0107 obrotowa 3000\/min oraz pr\u0119dko\u015b\u0107 \u0142a\u0144cucha 5,6 m\/s przek\u0142ada si\u0119 na szybkie i efektywne ci\u0119cie drewna. Prowadnica i \u0142a\u0144cuch renomowanej marki OREGON gwarantuj\u0105 wysok\u0105 jako\u015b\u0107 i precyzj\u0119 ci\u0119cia.<\/p>\n<p>Obs\u0142ug\u0119 u\u0142atwia beznarz\u0119dziowy system monta\u017cu prowadnicy i napinania \u0142a\u0144cucha. Smarowanie \u0142a\u0144cucha odbywa si\u0119 automatycznie. Urz\u0105dzenie posiada bezpieczny w\u0142\u0105cznik, zabezpieczaj\u0105cy przed przypadkowym uruchomieniem. Pi\u0142a jest tak\u017ce wyposa\u017cona w hamulec automatyczny,kt\u00f3ry zatrzymuje \u0142a\u0144cuch oraz urz\u0105dzenie w przypadku podbicia podczas ci\u0119cia.<\/p>\n<p>Cechy pi\u0142y \u0142a\u0144cuchowej, pilarki akumulatorowej 18V, DEDRA SAS+ALL :<\/p>\n<ul>\n<li>Prowadnica i \u0142a\u0144cuch marki OREGON<\/li>\n<li>Beznarzedziowy system napinania \u0142a\u0144cucha<\/li>\n<li>Automatyczny system smarowania \u0142a\u0144cucha<\/li>\n<li>Hamulec bezpiecze\u0144stwa w przypadku podbicia urz\u0105dzenia<\/li>\n<li>Bezpieczny w\u0142\u0105cznik<\/li>\n<li>Rekomendowana bateria &#8211; 4.0 Ah<\/li>\n<\/ul>\n<p>Dane techniczne pi\u0142y \u0142a\u0144cuchowej, pilarki akumulatorowej 18V, DEDRA SAS+ALL :<\/p>\n<ul>\n<li>Napi\u0119cie: 18V<\/li>\n<li>Rodzaj d\u0142uta: p\u00f3\u0142d\u0142uto \u015bci\u0119te<\/li>\n<li>D\u0142ugo\u015b\u0107 prowadnicy: 25,4 cm<\/li>\n<li>Pr\u0119dko\u015b\u0107 \u0142a\u0144cucha: 5,6 m\/s<\/li>\n<li>Pojemno\u015b\u0107 zbiornika oleju: 220 ml<\/li>\n<li>Pr\u0119dko\u015b\u0107 obrotowa: 3000 RPM<\/li>\n<li>\u015arednica ci\u0119cia: 200 mm<\/li>\n<li>Waga: 3,05 Kg<\/li>\n<li>Przybli\u017cony czas pracy dla akumulatora: 4.0 Ah &#8211; 25 ci\u0119\u0107 (krokiew sosnowa 10&#215;20 cm)<\/li>\n<\/ul>\n<p><b>Produkt nie zawiera akumulatora oraz \u0142adowarki !<\/b><\/p>\n<p><b>Podczas zakupu nie zapomnij o \u0142adowarce i akumulatorze ! (dost\u0119pne na naszych innych aukcjach)<\/b><\/p>\n<\/td>\n<\/tr>\n<tr>\n<td>\u00a0<\/td>\n<\/tr>\n<\/table>\n","protected":false},"excerpt":{"rendered":"<p>Pi\u0142a \u0142a\u0144cuchowa Dedra SAS+ALL 250mm<\/p>\n","protected":false},"featured_media":1111,"comment_status":"open","ping_status":"closed","template":"","meta":[],"product_brand":[],"product_cat":[33],"product_tag":[],"class_list":{"0":"post-1115","1":"product","2":"type-product","3":"status-publish","4":"has-post-thumbnail","6":"product_cat-narzedzia-dedra","8":"first","9":"instock","10":"taxable","11":"shipping-taxable","12":"purchasable","13":"product-type-simple"},"_links":{"self":[{"href":"https:\/\/precto.pl\/sklep\/wp-json\/wp\/v2\/product\/1115","targetHints":{"allow":["GET"]}}],"collection":[{"href":"https:\/\/precto.pl\/sklep\/wp-json\/wp\/v2\/product"}],"about":[{"href":"https:\/\/precto.pl\/sklep\/wp-json\/wp\/v2\/types\/product"}],"replies":[{"embeddable":true,"href":"https:\/\/precto.pl\/sklep\/wp-json\/wp\/v2\/comments?post=1115"}],"wp:featuredmedia":[{"embeddable":true,"href":"https:\/\/precto.pl\/sklep\/wp-json\/wp\/v2\/media\/1111"}],"wp:attachment":[{"href":"https:\/\/precto.pl\/sklep\/wp-json\/wp\/v2\/media?parent=1115"}],"wp:term":[{"taxonomy":"product_brand","embeddable":true,"href":"https:\/\/precto.pl\/sklep\/wp-json\/wp\/v2\/product_brand?post=1115"},{"taxonomy":"product_cat","embeddable":true,"href":"https:\/\/precto.pl\/sklep\/wp-json\/wp\/v2\/product_cat?post=1115"},{"taxonomy":"product_tag","embeddable":true,"href":"https:\/\/precto.pl\/sklep\/wp-json\/wp\/v2\/product_tag?post=1115"}],"curies":[{"name":"wp","href":"https:\/\/api.w.org\/{rel}","templated":true}]}}