{"id":1071,"date":"2022-01-18T05:52:27","date_gmt":"2022-01-18T04:52:27","guid":{"rendered":"https:\/\/precto.pl\/sklep\/produkt\/silnik-cylinder-wal-tlok-stihl-ms250-ms230-023-025-3\/"},"modified":"2025-08-25T20:26:58","modified_gmt":"2025-08-25T18:26:58","slug":"silnik-cylinder-wal-tlok-stihl-ms250-ms230-023-025-3","status":"publish","type":"product","link":"https:\/\/precto.pl\/sklep\/silnik-cylinder-wal-tlok-stihl-ms250-ms230-023-025-3\/","title":{"rendered":"SILNIK CYLINDER WA\u0141 T\u0141OK STIHL MS250 MS230 023 025"},"content":{"rendered":"<table width=\"100%\">\n<tr>\n<td width=\"50%\">\n<h3>SILNIK KPL CYLINDER WA\u0141 STIHL MS250 MS230 023 025<\/h3>\n<p><b>PRODUKT FABRYCZNIE NOWY<\/b><\/p>\n<p><b>W SK\u0141AD ZESTAWY WCHODZ\u0104 :<\/b><\/p>\n<ul>\n<li><b>CYLINDER 42,5 MM<\/b><\/li>\n<li><b>T\u0141OK KPL<\/b><\/li>\n<li><b>WA\u0141 KORBOWY<\/b><\/li>\n<li><b>\u0141O\u017bYSKA 6202 X2<\/b><\/li>\n<li><b>USZCZELNIACZE X2<\/b><\/li>\n<li><b>MISKA KORBOWA<\/b><\/li>\n<li><b>\u015aRUBY CYLINDRA X4<\/b><\/li>\n<\/ul>\n<p><b>KOD PRODUKTU : 1123 200 0356<\/b><\/p>\n<p><b>MODELE MASZYN :<\/b><\/p>\n<h3>STIHL<\/h3>\n<ul>\n<li>023<\/li>\n<li>025<\/li>\n<li>MS 230<\/li>\n<li>MS 250<\/li>\n<\/ul>\n<h3>NAJWY\u017bSZEJ JAKO\u015aCI TURECKI ZAMIENNIK U\u017bYWANY W NASZYM SERWISIE<\/h3>\n<\/td>\n<\/tr>\n<tr>\n<td>\u00a0<\/td>\n<\/tr>\n<tr>\n<td colspan=\"2\">\n<p>Przy zakupie kilku produkt\u00f3w w naszym sklepie za przesy\u0142k\u0119 zap\u0142ac\u0105 Pa\u0144stwo tylko raz.<\/p>\n<p>W naszym sklepie internetowym znajd\u0105 pa\u0144stwo szeroki asortyment cz\u0119\u015bci do:<\/p>\n<ul>\n<li>pilarek spalinowych i elektrycznych wielu marek m.in. stihl, husqvarna, dolmar, makita, oleo mac, solo, jonserad itp.<\/li>\n<li>kos spalinowych ww. marek<\/li>\n<li>kosiarek spalinowych z silnikami briggs &amp; stratton, loncin, honda<\/li>\n<li>przecinarek do betonu<\/li>\n<li>maszyn budowlanych wacker<\/li>\n<li>wielu innych maszyn i urz\u0105dze\u0144 wykorzystywanych w przydomowych pracach<\/li>\n<li>oraz pilniki, \u0142a\u0144cuchy, prowadnice, oleje, \u015brodki ochrony osobistej i wiele innych produkt\u00f3w i urz\u0105dze\u0144 pomocnych przy pracy w lesie, domu czy ogrodzie.<\/li>\n<\/ul>\n<p>Ci\u0105gle poszerzamy nasz\u0105 ofert\u0119 o nowe produkty, poszukuj\u0105c jak najlepszych rozwi\u0105za\u0144 dla naszych klient\u00f3w.<\/p>\n<\/td>\n<\/tr>\n<tr>\n<td>\u00a0<\/td>\n<\/tr>\n<\/table>\n","protected":false},"excerpt":{"rendered":"<p>SILNIK CYLINDER WA\u0141 T\u0141OK STIHL MS250 MS230 023 025<\/p>\n","protected":false},"featured_media":1070,"comment_status":"open","ping_status":"closed","template":"","meta":[],"product_brand":[],"product_cat":[64],"product_tag":[],"class_list":{"0":"post-1071","1":"product","2":"type-product","3":"status-publish","4":"has-post-thumbnail","6":"product_cat-cylindry-i-tloki-czesci-do-pilarek-spalinowych","8":"first","9":"instock","10":"taxable","11":"shipping-taxable","12":"purchasable","13":"product-type-simple"},"_links":{"self":[{"href":"https:\/\/precto.pl\/sklep\/wp-json\/wp\/v2\/product\/1071","targetHints":{"allow":["GET"]}}],"collection":[{"href":"https:\/\/precto.pl\/sklep\/wp-json\/wp\/v2\/product"}],"about":[{"href":"https:\/\/precto.pl\/sklep\/wp-json\/wp\/v2\/types\/product"}],"replies":[{"embeddable":true,"href":"https:\/\/precto.pl\/sklep\/wp-json\/wp\/v2\/comments?post=1071"}],"wp:featuredmedia":[{"embeddable":true,"href":"https:\/\/precto.pl\/sklep\/wp-json\/wp\/v2\/media\/1070"}],"wp:attachment":[{"href":"https:\/\/precto.pl\/sklep\/wp-json\/wp\/v2\/media?parent=1071"}],"wp:term":[{"taxonomy":"product_brand","embeddable":true,"href":"https:\/\/precto.pl\/sklep\/wp-json\/wp\/v2\/product_brand?post=1071"},{"taxonomy":"product_cat","embeddable":true,"href":"https:\/\/precto.pl\/sklep\/wp-json\/wp\/v2\/product_cat?post=1071"},{"taxonomy":"product_tag","embeddable":true,"href":"https:\/\/precto.pl\/sklep\/wp-json\/wp\/v2\/product_tag?post=1071"}],"curies":[{"name":"wp","href":"https:\/\/api.w.org\/{rel}","templated":true}]}}