{"id":10131,"date":"2023-12-11T13:42:42","date_gmt":"2023-12-11T12:42:42","guid":{"rendered":"https:\/\/precto.pl\/sklep\/?post_type=product&#038;p=10131"},"modified":"2024-06-19T14:50:37","modified_gmt":"2024-06-19T12:50:37","slug":"prowadnica-rollomatic-e-35cm-13mm-3-8p","status":"publish","type":"product","link":"https:\/\/precto.pl\/sklep\/prowadnica-rollomatic-e-35cm-13mm-3-8p\/","title":{"rendered":"PROWADNICA ROLLOMATIC E 35CM 1,3MM 3\/8&#8221;P"},"content":{"rendered":"\n<div class=\"wp-block-columns is-layout-flex wp-container-core-columns-is-layout-9d6595d7 wp-block-columns-is-layout-flex\">\n<div class=\"wp-block-column is-layout-flow wp-block-column-is-layout-flow\">\n<p><strong>ORYGINALNY<\/strong><\/p>\n\n\n\n<p>Numer katalogowy: <strong>3005 000 4809<\/strong><\/p>\n\n\n\n<p><strong>D\u0142ugo\u015b\u0107<\/strong>: 35cm<\/p>\n\n\n\n<p><strong>Podzia\u0142ka \u0142a\u0144cucha<\/strong>: 3\/8 &#8220;P<\/p>\n\n\n\n<p><strong>Szeroko\u015b\u0107 ogniwa prowadz\u0105cego<\/strong>: 1,3mm<\/p>\n\n\n\n<p><strong>Ilo\u015b\u0107 ogniw<\/strong>: 50<\/p>\n<\/div>\n<\/div>\n\n\n\n<p><strong>PASUJE DO MODELI<\/strong>:  \u00a0009, 010, 011, 012, 017, 018, MS 170, MS 180, MS 171, MS 181, 019 T, MS 190 T, MS 192 C, MS 192 T, MS 193 C, MS 193 T, 020, 020 T, MS 200, MS 200 T, MS 201, MS 201 C, MS 201 T, MS 201 TC, 021, 023, 025, MS 210, MS 230, MS 231, MS 241 C, MS 250, MS 251, MS 211, 023 L, E 140, E160, E 180, MSE 140, MSE 140 C, MSE 141, MSE 160, MSE 160 C, MSE 180, MSE 180 C, MSE 200, MSE 200 C<\/p>\n\n\n\n<div class=\"wp-block-columns is-layout-flex wp-container-core-columns-is-layout-9d6595d7 wp-block-columns-is-layout-flex\">\n<div class=\"wp-block-column is-layout-flow wp-block-column-is-layout-flow\">\n<p>Przy zakupie kilku produkt\u00f3w w naszym sklepie za przesy\u0142k\u0119 zap\u0142ac\u0105 Pa\u0144stwo tylko raz.<\/p>\n\n\n\n<p>W naszym sklepie internetowym znajd\u0105 pa\u0144stwo szeroki asortyment cz\u0119\u015bci do:<\/p>\n\n\n\n<ul class=\"wp-block-list\">\n<li>pilarek spalinowych i elektrycznych wielu marek m.in. stihl, husqvarna, dolmar, makita, oleo mac, solo, jonserad itp.<\/li>\n\n\n\n<li>kos spalinowych ww. marek<\/li>\n\n\n\n<li>kosiarek spalinowych z silnikami briggs &amp; stratton, loncin, honda<\/li>\n\n\n\n<li>przecinarek do betonu<\/li>\n\n\n\n<li>maszyn budowlanych wacker<\/li>\n\n\n\n<li>wielu innych maszyn i urz\u0105dze\u0144 wykorzystywanych w przydomowych pracach<\/li>\n\n\n\n<li>oraz pilniki, \u0142a\u0144cuchy, prowadnice, oleje, \u015brodki ochrony osobistej i wiele innych produkt\u00f3w i urz\u0105dze\u0144 pomocnych przy pracy w lesie, domu czy ogrodzie.<\/li>\n<\/ul>\n\n\n\n<p>Ci\u0105gle poszerzamy nasz\u0105 ofert\u0119 o nowe produkty, poszukuj\u0105c jak najlepszych rozwi\u0105za\u0144 dla naszych klient\u00f3w.<\/p>\n<\/div>\n<\/div>\n","protected":false},"excerpt":{"rendered":"<p>ORYGINALNY Numer katalogowy: 3005 000 4809 D\u0142ugo\u015b\u0107: 35cm Podzia\u0142ka \u0142a\u0144cucha: 3\/8 &#8220;P Szeroko\u015b\u0107 ogniwa prowadz\u0105cego: 1,3mm Ilo\u015b\u0107 ogniw: 50 PASUJE DO MODELI: \u00a0009, 010, 011, 012, 017, 018, MS 170, MS 180, MS 171, MS 181, 019 T, MS 190 T, MS 192 C, MS 192 T, MS 193 C, MS 193 T, 020, 020 [&hellip;]<\/p>\n","protected":false},"featured_media":10617,"comment_status":"open","ping_status":"closed","template":"","meta":[],"product_brand":[],"product_cat":[101],"product_tag":[],"class_list":{"0":"post-10131","1":"product","2":"type-product","3":"status-publish","4":"has-post-thumbnail","6":"product_cat-czesci-stihl","8":"first","9":"instock","10":"taxable","11":"shipping-taxable","12":"purchasable","13":"product-type-simple"},"_links":{"self":[{"href":"https:\/\/precto.pl\/sklep\/wp-json\/wp\/v2\/product\/10131","targetHints":{"allow":["GET"]}}],"collection":[{"href":"https:\/\/precto.pl\/sklep\/wp-json\/wp\/v2\/product"}],"about":[{"href":"https:\/\/precto.pl\/sklep\/wp-json\/wp\/v2\/types\/product"}],"replies":[{"embeddable":true,"href":"https:\/\/precto.pl\/sklep\/wp-json\/wp\/v2\/comments?post=10131"}],"wp:featuredmedia":[{"embeddable":true,"href":"https:\/\/precto.pl\/sklep\/wp-json\/wp\/v2\/media\/10617"}],"wp:attachment":[{"href":"https:\/\/precto.pl\/sklep\/wp-json\/wp\/v2\/media?parent=10131"}],"wp:term":[{"taxonomy":"product_brand","embeddable":true,"href":"https:\/\/precto.pl\/sklep\/wp-json\/wp\/v2\/product_brand?post=10131"},{"taxonomy":"product_cat","embeddable":true,"href":"https:\/\/precto.pl\/sklep\/wp-json\/wp\/v2\/product_cat?post=10131"},{"taxonomy":"product_tag","embeddable":true,"href":"https:\/\/precto.pl\/sklep\/wp-json\/wp\/v2\/product_tag?post=10131"}],"curies":[{"name":"wp","href":"https:\/\/api.w.org\/{rel}","templated":true}]}}