{"id":10127,"date":"2023-12-11T13:32:35","date_gmt":"2023-12-11T12:32:35","guid":{"rendered":"https:\/\/precto.pl\/sklep\/?post_type=product&#038;p=10127"},"modified":"2024-04-15T11:37:47","modified_gmt":"2024-04-15T09:37:47","slug":"prowadnica-light-04-35cm-13mm-325","status":"publish","type":"product","link":"https:\/\/precto.pl\/sklep\/prowadnica-light-04-35cm-13mm-325\/","title":{"rendered":"PROWADNICA LIGHT 04 35CM 1,3MM .325&#8221;"},"content":{"rendered":"\n<div class=\"wp-block-columns is-layout-flex wp-container-core-columns-is-layout-9d6595d7 wp-block-columns-is-layout-flex\">\n<div class=\"wp-block-column is-layout-flow wp-block-column-is-layout-flow\">\n<p><strong>ORYGINALNY<\/strong><\/p>\n\n\n\n<p>Numer katalogowy: <strong>3005 000 7009<\/strong><\/p>\n\n\n\n<p><strong>D\u0142ugo\u015b\u0107<\/strong>: 35cm<\/p>\n\n\n\n<p><strong>Podzia\u0142ka \u0142a\u0144cucha<\/strong>: .325&#8243;<\/p>\n\n\n\n<p><strong>Szeroko\u015b\u0107 ogniwa prowadz\u0105cego<\/strong>: 1,3mm<\/p>\n\n\n\n<p><strong>Ilo\u015b\u0107 ogniw<\/strong>: 56<\/p>\n<\/div>\n<\/div>\n\n\n\n<p><strong>PASUJE DO MODELI<\/strong>:  \u00a0010, 011, 012, 021, 023, 025, MS 200, MS 210, MS 230, MS 231, MS 241, MS 250, MS 251<\/p>\n\n\n\n<div class=\"wp-block-columns is-layout-flex wp-container-core-columns-is-layout-9d6595d7 wp-block-columns-is-layout-flex\">\n<div class=\"wp-block-column is-layout-flow wp-block-column-is-layout-flow\">\n<p>Przy zakupie kilku produkt\u00f3w w naszym sklepie za przesy\u0142k\u0119 zap\u0142ac\u0105 Pa\u0144stwo tylko raz.<\/p>\n\n\n\n<p>W naszym sklepie internetowym znajd\u0105 pa\u0144stwo szeroki asortyment cz\u0119\u015bci do:<\/p>\n\n\n\n<ul class=\"wp-block-list\">\n<li>pilarek spalinowych i elektrycznych wielu marek m.in. stihl, husqvarna, dolmar, makita, oleo mac, solo, jonserad itp.<\/li>\n\n\n\n<li>kos spalinowych ww. marek<\/li>\n\n\n\n<li>kosiarek spalinowych z silnikami briggs &amp; stratton, loncin, honda<\/li>\n\n\n\n<li>przecinarek do betonu<\/li>\n\n\n\n<li>maszyn budowlanych wacker<\/li>\n\n\n\n<li>wielu innych maszyn i urz\u0105dze\u0144 wykorzystywanych w przydomowych pracach<\/li>\n\n\n\n<li>oraz pilniki, \u0142a\u0144cuchy, prowadnice, oleje, \u015brodki ochrony osobistej i wiele innych produkt\u00f3w i urz\u0105dze\u0144 pomocnych przy pracy w lesie, domu czy ogrodzie.<\/li>\n<\/ul>\n\n\n\n<p>Ci\u0105gle poszerzamy nasz\u0105 ofert\u0119 o nowe produkty, poszukuj\u0105c jak najlepszych rozwi\u0105za\u0144 dla naszych klient\u00f3w.<\/p>\n<\/div>\n<\/div>\n","protected":false},"excerpt":{"rendered":"<p>ORYGINALNY Numer katalogowy: 3005 000 7009 D\u0142ugo\u015b\u0107: 35cm Podzia\u0142ka \u0142a\u0144cucha: .325&#8243; Szeroko\u015b\u0107 ogniwa prowadz\u0105cego: 1,3mm Ilo\u015b\u0107 ogniw: 56 PASUJE DO MODELI: \u00a0010, 011, 012, 021, 023, 025, MS 200, MS 210, MS 230, MS 231, MS 241, MS 250, MS 251 Przy zakupie kilku produkt\u00f3w w naszym sklepie za przesy\u0142k\u0119 zap\u0142ac\u0105 Pa\u0144stwo tylko raz. W [&hellip;]<\/p>\n","protected":false},"featured_media":10128,"comment_status":"open","ping_status":"closed","template":"","meta":[],"product_brand":[],"product_cat":[101],"product_tag":[],"class_list":{"0":"post-10127","1":"product","2":"type-product","3":"status-publish","4":"has-post-thumbnail","6":"product_cat-czesci-stihl","8":"first","9":"instock","10":"taxable","11":"shipping-taxable","12":"purchasable","13":"product-type-simple"},"_links":{"self":[{"href":"https:\/\/precto.pl\/sklep\/wp-json\/wp\/v2\/product\/10127","targetHints":{"allow":["GET"]}}],"collection":[{"href":"https:\/\/precto.pl\/sklep\/wp-json\/wp\/v2\/product"}],"about":[{"href":"https:\/\/precto.pl\/sklep\/wp-json\/wp\/v2\/types\/product"}],"replies":[{"embeddable":true,"href":"https:\/\/precto.pl\/sklep\/wp-json\/wp\/v2\/comments?post=10127"}],"wp:featuredmedia":[{"embeddable":true,"href":"https:\/\/precto.pl\/sklep\/wp-json\/wp\/v2\/media\/10128"}],"wp:attachment":[{"href":"https:\/\/precto.pl\/sklep\/wp-json\/wp\/v2\/media?parent=10127"}],"wp:term":[{"taxonomy":"product_brand","embeddable":true,"href":"https:\/\/precto.pl\/sklep\/wp-json\/wp\/v2\/product_brand?post=10127"},{"taxonomy":"product_cat","embeddable":true,"href":"https:\/\/precto.pl\/sklep\/wp-json\/wp\/v2\/product_cat?post=10127"},{"taxonomy":"product_tag","embeddable":true,"href":"https:\/\/precto.pl\/sklep\/wp-json\/wp\/v2\/product_tag?post=10127"}],"curies":[{"name":"wp","href":"https:\/\/api.w.org\/{rel}","templated":true}]}}